{"id":451,"date":"2026-05-15T07:02:21","date_gmt":"2026-05-15T07:02:21","guid":{"rendered":"https:\/\/automatictransmissionpart.com\/?page_id=451"},"modified":"2026-05-15T07:02:28","modified_gmt":"2026-05-15T07:02:28","slug":"otomobil-tekerlek-serisi","status":"publish","type":"page","link":"https:\/\/automatictransmissionpart.com\/tr\/otomobil-tekerlek-serisi\/","title":{"rendered":"Otomobil Jant Serisi"},"content":{"rendered":"<p>[et_pb_section fb_built=&#8221;1&#8243; theme_builder_area=&#8221;post_content&#8221; _builder_version=&#8221;4.27.6&#8243; _module_preset=&#8221;default&#8221;][et_pb_row _builder_version=&#8221;4.27.6&#8243; _module_preset=&#8221;default&#8221; theme_builder_area=&#8221;post_content&#8221; width=&#8221;90%&#8221; max_width=&#8221;100%&#8221; hover_enabled=&#8221;0&#8243; sticky_enabled=&#8221;0&#8243;][et_pb_column _builder_version=&#8221;4.27.6&#8243; _module_preset=&#8221;default&#8221; type=&#8221;4_4&#8243; theme_builder_area=&#8221;post_content&#8221;][et_pb_text _builder_version=&#8221;4.27.6&#8243; _module_preset=&#8221;default&#8221; theme_builder_area=&#8221;post_content&#8221; header_2_text_align=&#8221;center&#8221; header_2_font_size=&#8221;50px&#8221; hover_enabled=&#8221;0&#8243; sticky_enabled=&#8221;0&#8243;]<\/p>\n<h2 data-doubao-line=\"3\" data-doubao-column=\"5\" data-doubao-key=\"2\">Otomobil Jant Serisi<\/h2>\n<p>[\/et_pb_text][et_pb_text _builder_version=&#8221;4.27.6&#8243; _module_preset=&#8221;default&#8221; theme_builder_area=&#8221;post_content&#8221; hover_enabled=&#8221;0&#8243; sticky_enabled=&#8221;0&#8243;]<\/p>\n<p>Kapsaml\u0131 otomobil ve a\u011f\u0131r vas\u0131ta jant serimiz, Japonya, Avustralya, Kuzey Amerika ve genel evrensel modeller de dahil olmak \u00fczere bir\u00e7ok b\u00f6lgesel spesifikasyona uyacak \u015fekilde profesyonelce tasarlanm\u0131\u015ft\u0131r ve Bahreyn ve \u00e7evresindeki Orta Do\u011fu b\u00f6lgelerinin pazar taleplerini m\u00fckemmel bir \u015fekilde kar\u015f\u0131lamaktad\u0131r. \u00dcr\u00fcn yelpazesi, kamyon r\u00f6mork jantlar\u0131, \u00e7ift hatveli jantlar, tar\u0131m ara\u00e7lar\u0131 jantlar\u0131, m\u00fchendislik in\u015faat jantlar\u0131 ve hafif r\u00f6mork jantlar\u0131n\u0131 kapsamaktad\u0131r. T\u00fcm jantlar, y\u00fcksek y\u00fck kapasitesi, g\u00fc\u00e7l\u00fc darbe direnci, istikrarl\u0131 yuvarlakl\u0131k ve m\u00fckemmel dayan\u0131kl\u0131l\u0131k \u00f6zelliklerine sahip y\u00fcksek mukavemetli malzeme ve hassas \u00fcretim s\u00fcreci kullan\u0131larak \u00fcretilmi\u015ftir. A\u011f\u0131r kamyonlar, r\u00f6morklar, binek otomobiller, tar\u0131m ara\u00e7lar\u0131 ve in\u015faat makineleri i\u00e7in uygundur ve standart ve b\u00f6lgesel \u00f6zelle\u015ftirilmi\u015f montaj gereksinimlerini destekler.<\/p>\n<p>[\/et_pb_text][et_pb_code _builder_version=&#8221;4.27.6&#8243; _module_preset=&#8221;default&#8221; theme_builder_area=&#8221;post_content&#8221; hover_enabled=&#8221;0&#8243; sticky_enabled=&#8221;0&#8243;] <\/p>\n<div style=\"width:100%;max-width:100%;min-width:100%;overflow-x:auto;-webkit-overflow-scrolling:touch;margin-bottom:30px;box-sizing:border-box;\"><!-- [et_pb_line_break_holder] -->    <\/p>\n<table style=\"width:100%;border-collapse:collapse;table-layout:fixed;min-width:550px;\" cellspacing=\"0\" cellpadding=\"10\"><!-- [et_pb_line_break_holder] -->      <\/p>\n<thead><!-- [et_pb_line_break_holder] -->        <\/p>\n<tr style=\"background:linear-gradient(80deg,#34495e,#2c3e50);color:#ffffff;\"><!-- [et_pb_line_break_holder] -->          <\/p>\n<th style=\"border:1px solid #dee2e6;padding:12px;text-align:center;width:30%;\">\u00dcr\u00fcn Ad\u0131<\/th>\n<p><!-- [et_pb_line_break_holder] -->          <\/p>\n<th style=\"border:1px solid #dee2e6;padding:12px;text-align:center;width:40%;Applicable Region \/ Type<\/th><p><!-- [et_pb_line_break_holder] -->        <\/tr><p><!-- [et_pb_line_break_holder] -->      <\/thead><p><!-- [et_pb_line_break_holder] -->      <\/p><tbody><!-- [et_pb_line_break_holder] -->        <\/p><tr style=\"background:#ffffff;\"><!-- [et_pb_line_break_holder] -->                <\/tr>\n<p><!-- [et_pb_line_break_holder] -->        <\/p>\n<tr style=\"background:#f1f3f5;\"><!-- [et_pb_line_break_holder] -->          <\/p>\n<td style=\"border:1px solid #dee2e6;padding:12px;text-align:center;\">EP-10\u2033 \u00c7ift Standart Ad\u0131ml\u0131 Dairesel R\u00f6mork Tekerlekleri<\/td>\n<p><!-- [et_pb_line_break_holder] -->          <\/p>\n<td style=\"border:1px solid #dee2e6;padding:12px;text-align:center;\">Evrensel R\u00f6mork<\/td>\n<p><!-- [et_pb_line_break_holder] -->        <\/tr>\n<p><!-- [et_pb_line_break_holder] -->        <\/p>\n<tr style=\"background:#ffffff;\"><!-- [et_pb_line_break_holder] -->          <\/p>\n<td style=\"border:1px solid #dee2e6;padding:12px;text-align:center;\">EP-Tar\u0131m Arac\u0131 Tekerle\u011fi<\/td>\n<p><!-- [et_pb_line_break_holder] -->          <\/p>\n<td style=\"border:1px solid #dee2e6;padding:12px;text-align:center;\">Tar\u0131m Arac\u0131<\/td>\n<p><!-- [et_pb_line_break_holder] -->        <\/tr>\n<p><!-- [et_pb_line_break_holder] -->        <\/p>\n<tr style=\"background:#f1f3f5;\"><!-- [et_pb_line_break_holder] -->          <\/p>\n<td style=\"border:1px solid #dee2e6;padding:12px;text-align:center;\">EP \u00c7ift PCD Evrensel \u00c7ift Ad\u0131ml\u0131 Dairesel Tekerlek<\/td>\n<p><!-- [et_pb_line_break_holder] -->          <\/p>\n<td style=\"border:1px solid #dee2e6;padding:12px;text-align:center;\">Binek Otomobil Evrensel<\/td>\n<p><!-- [et_pb_line_break_holder] -->        <\/tr>\n<p><!-- [et_pb_line_break_holder] -->        <\/p>\n<tr style=\"background:#ffffff;\"><!-- [et_pb_line_break_holder] -->          <\/p>\n<td style=\"border:1px solid #dee2e6;padding:12px;text-align:center;\">EP-Dual OEM Treyler Tekerle\u011fi \u2014 Kuzey Amerika<\/td>\n<p><!-- [et_pb_line_break_holder] -->          <\/p>\n<td style=\"border:1px solid #dee2e6;padding:12px;text-align:center;\">Kuzey Amerika \/ Fragman<\/td>\n<p><!-- [et_pb_line_break_holder] -->        <\/tr>\n<p><!-- [et_pb_line_break_holder] -->        <\/p>\n<tr style=\"background:#f1f3f5;\"><!-- [et_pb_line_break_holder] -->          <\/p>\n<td style=\"border:1px solid #dee2e6;padding:12px;text-align:center;\">EP-DW Series Agricultural &#038; Constructional Wheel<\/td>\n<p><!-- [et_pb_line_break_holder] -->          <\/p>\n<td style=\"border:1px solid #dee2e6;padding:12px;text-align:center;\">Agriculture &#038; Construction<\/td>\n<p><!-- [et_pb_line_break_holder] -->        <\/tr>\n<p><!-- [et_pb_line_break_holder] -->        <\/p>\n<tr style=\"background:#ffffff;\"><!-- [et_pb_line_break_holder] -->          <\/p>\n<td style=\"border:1px solid #dee2e6;padding:12px;text-align:center;\">Avustralya i\u00e7in EP A\u011f\u0131r Hizmet Kamyon Treyler Tekerle\u011fi<\/td>\n<p><!-- [et_pb_line_break_holder] -->          <\/p>\n<td style=\"border:1px solid #dee2e6;padding:12px;text-align:center;\">Australia \/ Truck &#038; Trailer<\/td>\n<p><!-- [et_pb_line_break_holder] -->        <\/tr>\n<p><!-- [et_pb_line_break_holder] -->        <\/p>\n<tr style=\"background:#f1f3f5;\"><!-- [et_pb_line_break_holder] -->          <\/p>\n<td style=\"border:1px solid #dee2e6;padding:12px;text-align:center;\">Kuzey Amerika i\u00e7in EP A\u011f\u0131r Hizmet Kamyon Treyler Tekerle\u011fi<\/td>\n<p><!-- [et_pb_line_break_holder] -->          <\/p>\n<td style=\"border:1px solid #dee2e6;padding:12px;text-align:center;\">Kuzey Amerika Standard\u0131<\/td>\n<p><!-- [et_pb_line_break_holder] -->        <\/tr>\n<p><!-- [et_pb_line_break_holder] -->        <\/p>\n<tr style=\"background:#ffffff;\"><!-- [et_pb_line_break_holder] -->          <\/p>\n<td style=\"border:1px solid #dee2e6;padding:12px;text-align:center;\">EP Kuzey Amerika Hafif Kamyon Treyler Tekerle\u011fi<\/td>\n<p><!-- [et_pb_line_break_holder] -->          <\/p>\n<td style=\"border:1px solid #dee2e6;padding:12px;text-align:center;\">Kuzey Amerika Hafif Hizmet<\/td>\n<p><!-- [et_pb_line_break_holder] -->        <\/tr>\n<p><!-- [et_pb_line_break_holder] -->      <\/tbody>\n<p><!-- [et_pb_line_break_holder] -->    <\/table>\n<p><!-- [et_pb_line_break_holder] -->  <\/div>\n<p>[\/et_pb_code][et_pb_shop _builder_version=&#8221;4.27.6&#8243; _module_preset=&#8221;default&#8221; theme_builder_area=&#8221;post_content&#8221; type=&#8221;product_category&#8221; posts_number=&#8221;99&#8243; include_categories=&#8221;24&#8243; hover_enabled=&#8221;0&#8243; sticky_enabled=&#8221;0&#8243;][\/et_pb_shop][\/et_pb_column][\/et_pb_row][\/et_pb_section]<\/p>","protected":false},"excerpt":{"rendered":"<p>Car Wheel SeriesOur comprehensive car wheel and heavy-duty vehicle wheel series is professionally engineered to fit multiple regional specifications including Japan, Australia, North America and general universal models, perfectly matching the market demands of Bahrain and surrounding Middle East regions. The product range covers truck trailer wheels, dual pitch circle wheels, agricultural wheels, engineering construction [&hellip;]<\/p>","protected":false},"author":1,"featured_media":0,"parent":0,"menu_order":0,"comment_status":"closed","ping_status":"closed","template":"","meta":{"_et_pb_use_builder":"on","_et_pb_old_content":"","_et_gb_content_width":"","footnotes":""},"class_list":["post-451","page","type-page","status-publish","hentry"],"_links":{"self":[{"href":"https:\/\/automatictransmissionpart.com\/tr\/wp-json\/wp\/v2\/pages\/451","targetHints":{"allow":["GET"]}}],"collection":[{"href":"https:\/\/automatictransmissionpart.com\/tr\/wp-json\/wp\/v2\/pages"}],"about":[{"href":"https:\/\/automatictransmissionpart.com\/tr\/wp-json\/wp\/v2\/types\/page"}],"author":[{"embeddable":true,"href":"https:\/\/automatictransmissionpart.com\/tr\/wp-json\/wp\/v2\/users\/1"}],"replies":[{"embeddable":true,"href":"https:\/\/automatictransmissionpart.com\/tr\/wp-json\/wp\/v2\/comments?post=451"}],"version-history":[{"count":2,"href":"https:\/\/automatictransmissionpart.com\/tr\/wp-json\/wp\/v2\/pages\/451\/revisions"}],"predecessor-version":[{"id":454,"href":"https:\/\/automatictransmissionpart.com\/tr\/wp-json\/wp\/v2\/pages\/451\/revisions\/454"}],"wp:attachment":[{"href":"https:\/\/automatictransmissionpart.com\/tr\/wp-json\/wp\/v2\/media?parent=451"}],"curies":[{"name":"wp","href":"https:\/\/api.w.org\/{rel}","templated":true}]}}