{"id":446,"date":"2026-05-15T06:48:08","date_gmt":"2026-05-15T06:48:08","guid":{"rendered":"https:\/\/automatictransmissionpart.com\/?page_id=446"},"modified":"2026-05-15T06:48:16","modified_gmt":"2026-05-15T06:48:16","slug":"auto-motorcykelkedja","status":"publish","type":"page","link":"https:\/\/automatictransmissionpart.com\/sv\/auto-motorcykelkedja\/","title":{"rendered":"Auto &#038; Motorcycle Chain"},"content":{"rendered":"<p>[et_pb_section fb_built=&#8221;1&#8243; theme_builder_area=&#8221;post_content&#8221; _builder_version=&#8221;4.27.6&#8243; _module_preset=&#8221;default&#8221;][et_pb_row _builder_version=&#8221;4.27.6&#8243; _module_preset=&#8221;default&#8221; theme_builder_area=&#8221;post_content&#8221; width=&#8221;90%&#8221; max_width=&#8221;100%&#8221; hover_enabled=&#8221;0&#8243; sticky_enabled=&#8221;0&#8243;][et_pb_column _builder_version=&#8221;4.27.6&#8243; _module_preset=&#8221;default&#8221; type=&#8221;4_4&#8243; theme_builder_area=&#8221;post_content&#8221;][et_pb_text _builder_version=&#8221;4.27.6&#8243; _module_preset=&#8221;default&#8221; theme_builder_area=&#8221;post_content&#8221; header_2_text_align=&#8221;center&#8221; header_2_font_size=&#8221;50px&#8221; hover_enabled=&#8221;0&#8243; sticky_enabled=&#8221;0&#8243;]<\/p>\n<h2 class=\"woocommerce-products-header__title page-title\">Bil- och motorcykelkedja<\/h2>\n<p>[\/et_pb_text][et_pb_text _builder_version=&#8221;4.27.6&#8243; _module_preset=&#8221;default&#8221; theme_builder_area=&#8221;post_content&#8221; hover_enabled=&#8221;0&#8243; sticky_enabled=&#8221;0&#8243;]<\/p>\n<p>V\u00e5r serie kedjor f\u00f6r bilar och motorcyklar \u00e4r konstruerade f\u00f6r att ge exceptionell h\u00e5llbarhet, precis transmissionsprestanda och l\u00e5ng livsl\u00e4ngd, perfekt l\u00e4mpade f\u00f6r personbilar, motorcyklar och allm\u00e4n kraft\u00f6verf\u00f6ringsutrustning p\u00e5 marknaderna i Bahrain och Mellan\u00f6stern. Produktsortimentet omfattar standardmotorcykelkedjor, kamrullkedjor, tysta kedjor och premiumbussningskedjor, med h\u00f6gkvalitativt legerat st\u00e5lmaterial och en precisionstillverkningsprocess. Varje kedja genomg\u00e5r strikta dragh\u00e5llfasthetstester, utmattningstestning och dimensionskalibrering, vilket s\u00e4kerst\u00e4ller stabil drift under h\u00f6g belastning och h\u00f6ga hastighetsf\u00f6rh\u00e5llanden. Fullst\u00e4ndiga specifikationer uppfyller de vanligaste modellmatchningskraven och st\u00f6der standardleveranser och anpassade dimensionskrav f\u00f6r olika transmissionssystem f\u00f6r bilar och motorcyklar.<\/p>\n<p>[\/et_pb_text][et_pb_code _builder_version=&#8221;4.27.6&#8243; _module_preset=&#8221;default&#8221; theme_builder_area=&#8221;post_content&#8221; hover_enabled=&#8221;0&#8243; sticky_enabled=&#8221;0&#8243;] <\/p>\n<div style=\"width:100%;max-width:100%;min-width:100%;overflow-x:auto;-webkit-overflow-scrolling:touch;margin-bottom:30px;box-sizing:border-box;\"><!-- [et_pb_line_break_holder] -->    <\/p>\n<table style=\"width:100%;border-collapse:collapse;table-layout:fixed;min-width:550px;\" cellspacing=\"0\" cellpadding=\"10\"><!-- [et_pb_line_break_holder] -->      <\/p>\n<thead><!-- [et_pb_line_break_holder] -->        <\/p>\n<tr style=\"background:linear-gradient(#34495e,#2c3e50);color:#ffffff;\"><!-- [et_pb_line_break_holder] -->          <\/p>\n<th style=\"border:1px solid #dee2e6;padding:12px;text-align:center;width:35%;\">Produktnamn<\/th>\n<p><!-- [et_pb_line_break_holder] -->          <\/p>\n<th style=\"border:1px solid #dee2e6;padding:12px;text-align:center;width:65%;\">Produktapplikation<\/th>\n<p><!-- [et_pb_line_break_holder] -->        <\/tr>\n<p><!-- [et_pb_line_break_holder] -->      <\/thead>\n<p><!-- [et_pb_line_break_holder] -->      <\/p>\n<tbody><!-- [et_pb_line_break_holder] -->        <\/p>\n<tr style=\"background:#ffffff;\"><!-- [et_pb_line_break_holder] -->          <\/p>\n<td style=\"border:1px solid #dee2e6;padding:12px;text-align:center;\">EP-420 Standard Motorcykelkedja<\/td>\n<p><!-- [et_pb_line_break_holder] -->          <\/p>\n<td style=\"border:1px solid #dee2e6;padding:12px;text-align:left;\">Standard drivkedja f\u00f6r l\u00e4tta och medelstora motorcyklar<\/td>\n<p><!-- [et_pb_line_break_holder] -->        <\/tr>\n<p><!-- [et_pb_line_break_holder] -->        <\/p>\n<tr style=\"background:#f8f9fa;\"><!-- [et_pb_line_break_holder] -->          <\/p>\n<td style=\"border:1px solid #dee2e6;padding:12px;text-align:center;\">EP-428 Standard Motorcykelkedja<\/td>\n<p><!-- [et_pb_line_break_holder] -->          <\/p>\n<td style=\"border:1px solid #dee2e6;padding:12px;text-align:left;\">Universal transmissionskedja f\u00f6r dagliga motorcyklar<\/td>\n<p><!-- [et_pb_line_break_holder] -->        <\/tr>\n<p><!-- [et_pb_line_break_holder] -->        <\/p>\n<tr style=\"background:#ffffff;\"><!-- [et_pb_line_break_holder] -->          <\/p>\n<td style=\"border:1px solid #dee2e6;padding:12px;text-align:center;\">EP-520 Standard Motorcykelkedjel\u00f6sningar<\/td>\n<p><!-- [et_pb_line_break_holder] -->          <\/p>\n<td style=\"border:1px solid #dee2e6;padding:12px;text-align:left;\">Motorcykeldrivkedja med medelstor och stor slagvolym<\/td>\n<p><!-- [et_pb_line_break_holder] -->        <\/tr>\n<p><!-- [et_pb_line_break_holder] -->        <\/p>\n<tr style=\"background:#f8f9fa;\"><!-- [et_pb_line_break_holder] -->          <\/p>\n<td style=\"border:1px solid #dee2e6;padding:12px;text-align:center;\">EP-525 Standard Motorcykelkedja<\/td>\n<p><!-- [et_pb_line_break_holder] -->          <\/p>\n<td style=\"border:1px solid #dee2e6;padding:12px;text-align:left;\">H\u00f6gh\u00e5llfast standardkedja f\u00f6r h\u00f6gpresterande motorcyklar<\/td>\n<p><!-- [et_pb_line_break_holder] -->        <\/tr>\n<p><!-- [et_pb_line_break_holder] -->        <\/p>\n<tr style=\"background:#ffffff;\"><!-- [et_pb_line_break_holder] -->          <\/p>\n<td style=\"border:1px solid #dee2e6;padding:12px;text-align:center;\">EP-530 Standard Motorcykelkedja<\/td>\n<p><!-- [et_pb_line_break_holder] -->          <\/p>\n<td style=\"border:1px solid #dee2e6;padding:12px;text-align:left;\">Kraftig transmissionskedja f\u00f6r motorcyklar med stor slagvolym<\/td>\n<p><!-- [et_pb_line_break_holder] -->        <\/tr>\n<p><!-- [et_pb_line_break_holder] -->        <\/p>\n<tr style=\"background:#f8f9fa;\"><!-- [et_pb_line_break_holder] -->          <\/p>\n<td style=\"border:1px solid #dee2e6;padding:12px;text-align:center;\">EP-Rullkedjor f\u00f6r bilar<\/td>\n<p><!-- [et_pb_line_break_holder] -->          <\/p>\n<td style=\"border:1px solid #dee2e6;padding:12px;text-align:left;\">Kamkedja f\u00f6r bilmotorer<\/td>\n<p><!-- [et_pb_line_break_holder] -->        <\/tr>\n<p><!-- [et_pb_line_break_holder] -->        <\/p>\n<tr style=\"background:#ffffff;\"><!-- [et_pb_line_break_holder] -->          <\/p>\n<td style=\"border:1px solid #dee2e6;padding:12px;text-align:center;\">EP-Tyst kedja f\u00f6r motorstyrning<\/td>\n<p><!-- [et_pb_line_break_holder] -->          <\/p>\n<td style=\"border:1px solid #dee2e6;padding:12px;text-align:left;\">Tyst kedja f\u00f6r bilmotorns timingsystem<\/td>\n<p><!-- [et_pb_line_break_holder] -->        <\/tr>\n<p><!-- [et_pb_line_break_holder] -->        <\/p>\n<tr style=\"background:#f8f9fa;\"><!-- [et_pb_line_break_holder] -->          <\/p>\n<td style=\"border:1px solid #dee2e6;padding:12px;text-align:center;\">EP-Premium Bussningskedjor f\u00f6r bilar<\/td>\n<p><!-- [et_pb_line_break_holder] -->          <\/p>\n<td style=\"border:1px solid #dee2e6;padding:12px;text-align:left;\">H\u00f6gkvalitativ kamaxelbussning f\u00f6r fordon<\/td>\n<p><!-- [et_pb_line_break_holder] -->        <\/tr>\n<p><!-- [et_pb_line_break_holder] -->        <\/p>\n<tr style=\"background:#ffffff;\"><!-- [et_pb_line_break_holder] -->          <\/p>\n<td style=\"border:1px solid #dee2e6;padding:12px;text-align:center;\">EP-Premium Motorcykelkedjor<\/td>\n<p><!-- [et_pb_line_break_holder] -->          <\/p>\n<td style=\"border:1px solid #dee2e6;padding:12px;text-align:left;\">Premium uppgraderad kedja f\u00f6r exklusiva motorcyklar<\/td>\n<p><!-- [et_pb_line_break_holder] -->        <\/tr>\n<p><!-- [et_pb_line_break_holder] -->      <\/tbody>\n<p><!-- [et_pb_line_break_holder] -->    <\/table>\n<p><!-- [et_pb_line_break_holder] -->  <\/div>\n<p>[\/et_pb_code][et_pb_text _builder_version=&#8221;4.27.6&#8243; _module_preset=&#8221;default&#8221; theme_builder_area=&#8221;post_content&#8221; hover_enabled=&#8221;0&#8243; sticky_enabled=&#8221;0&#8243;]<\/p>\n<h3 style=\"text-align: center;\" data-doubao-line=\"59\" data-doubao-column=\"5\" data-doubao-key=\"39\">Produktegenskaper och f\u00f6rdelar<\/h3>\n<p data-doubao-line=\"60\" data-doubao-column=\"5\" data-doubao-key=\"40\">Alla bil- och motorcykelkedjor anv\u00e4nder precisionsstansning, v\u00e4rmebehandling och ytf\u00f6rst\u00e4rkningsteknik, med h\u00f6g dragh\u00e5llfasthet, utm\u00e4rkt slitstyrka och l\u00e5g t\u00f6jningshastighet under l\u00e5ngvarig drift. Det kompletta specifikationssortimentet t\u00e4cker vanliga modeller och anpassar sig helt till lokalt fordonsunderh\u00e5ll i Bahrain och Mellan\u00f6stern samt st\u00f6der marknadens krav. Varje produkt f\u00f6ljer strikt internationella tillverkningsstandarder, med stabil transmissionseffektivitet, l\u00e5gt ljud och stark utmattningsbest\u00e4ndighet, l\u00e4mplig f\u00f6r dagliga pendlingsmotorcyklar, h\u00f6gpresterande modeller och scenarier med transmissionsstyrning f\u00f6r bilmotorer.\u00a0<\/p>\n<p>[\/et_pb_text][et_pb_shop _builder_version=&#8221;4.27.6&#8243; _module_preset=&#8221;default&#8221; theme_builder_area=&#8221;post_content&#8221; type=&#8221;product_category&#8221; posts_number=&#8221;99&#8243; include_categories=&#8221;34&#8243; hover_enabled=&#8221;0&#8243; sticky_enabled=&#8221;0&#8243;][\/et_pb_shop][\/et_pb_column][\/et_pb_row][\/et_pb_section]<\/p>","protected":false},"excerpt":{"rendered":"<p>Auto &amp; Motorcycle ChainOur auto and motorcycle chain series is engineered to deliver exceptional durability, precise transmission performance and long service life, perfectly suited for passenger vehicles, motorcycles and general power transmission equipment in Bahrain and Middle East markets. The product lineup covers standard motorcycle chains, engine timing roller chains, silent chains and premium bush [&hellip;]<\/p>","protected":false},"author":1,"featured_media":0,"parent":0,"menu_order":0,"comment_status":"closed","ping_status":"closed","template":"","meta":{"_et_pb_use_builder":"on","_et_pb_old_content":"","_et_gb_content_width":"","footnotes":""},"class_list":["post-446","page","type-page","status-publish","hentry"],"_links":{"self":[{"href":"https:\/\/automatictransmissionpart.com\/sv\/wp-json\/wp\/v2\/pages\/446","targetHints":{"allow":["GET"]}}],"collection":[{"href":"https:\/\/automatictransmissionpart.com\/sv\/wp-json\/wp\/v2\/pages"}],"about":[{"href":"https:\/\/automatictransmissionpart.com\/sv\/wp-json\/wp\/v2\/types\/page"}],"author":[{"embeddable":true,"href":"https:\/\/automatictransmissionpart.com\/sv\/wp-json\/wp\/v2\/users\/1"}],"replies":[{"embeddable":true,"href":"https:\/\/automatictransmissionpart.com\/sv\/wp-json\/wp\/v2\/comments?post=446"}],"version-history":[{"count":2,"href":"https:\/\/automatictransmissionpart.com\/sv\/wp-json\/wp\/v2\/pages\/446\/revisions"}],"predecessor-version":[{"id":449,"href":"https:\/\/automatictransmissionpart.com\/sv\/wp-json\/wp\/v2\/pages\/446\/revisions\/449"}],"wp:attachment":[{"href":"https:\/\/automatictransmissionpart.com\/sv\/wp-json\/wp\/v2\/media?parent=446"}],"curies":[{"name":"wp","href":"https:\/\/api.w.org\/{rel}","templated":true}]}}