{"id":446,"date":"2026-05-15T06:48:08","date_gmt":"2026-05-15T06:48:08","guid":{"rendered":"https:\/\/automatictransmissionpart.com\/?page_id=446"},"modified":"2026-05-15T06:48:16","modified_gmt":"2026-05-15T06:48:16","slug":"auto-motorsykkelkjede","status":"publish","type":"page","link":"https:\/\/automatictransmissionpart.com\/nb\/auto-motorsykkelkjede\/","title":{"rendered":"Auto &#038; Motorcycle Chain"},"content":{"rendered":"<p>[et_pb_section fb_built=&#8221;1&#8243; theme_builder_area=&#8221;post_content&#8221; _builder_version=&#8221;4.27.6&#8243; _module_preset=&#8221;default&#8221;][et_pb_row _builder_version=&#8221;4.27.6&#8243; _module_preset=&#8221;default&#8221; theme_builder_area=&#8221;post_content&#8221; width=&#8221;90%&#8221; max_width=&#8221;100%&#8221; hover_enabled=&#8221;0&#8243; sticky_enabled=&#8221;0&#8243;][et_pb_column _builder_version=&#8221;4.27.6&#8243; _module_preset=&#8221;default&#8221; type=&#8221;4_4&#8243; theme_builder_area=&#8221;post_content&#8221;][et_pb_text _builder_version=&#8221;4.27.6&#8243; _module_preset=&#8221;default&#8221; theme_builder_area=&#8221;post_content&#8221; header_2_text_align=&#8221;center&#8221; header_2_font_size=&#8221;50px&#8221; hover_enabled=&#8221;0&#8243; sticky_enabled=&#8221;0&#8243;]<\/p>\n<h2 class=\"woocommerce-products-header__title page-title\">Bil- og motorsykkelkjede<\/h2>\n<p>[\/et_pb_text][et_pb_text _builder_version=&#8221;4.27.6&#8243; _module_preset=&#8221;default&#8221; theme_builder_area=&#8221;post_content&#8221; hover_enabled=&#8221;0&#8243; sticky_enabled=&#8221;0&#8243;]<\/p>\n<p>V\u00e5re kjeder for biler og motorsykler er konstruert for \u00e5 levere eksepsjonell holdbarhet, presis girkasseytelse og lang levetid, perfekt egnet for personbiler, motorsykler og generelt kraftoverf\u00f8ringsutstyr i Bahrain og Midt\u00f8sten. Produktsortimentet dekker standard motorsykkelkjeder, registerkjeder, stilleg\u00e5ende kjeder og premium bushkjeder, og bruker h\u00f8ykvalitets legeringsst\u00e5lmateriale og en presis produksjonsprosess. Hver kjede gjennomg\u00e5r streng strekkfasthetstesting, utmattingsmotstandsinspeksjon og dimensjonskalibrering, noe som sikrer stabil drift under h\u00f8y belastning og h\u00f8ye hastighetsforhold. Fullstendige spesifikasjoner oppfyller vanlige modelltilpasningskrav, og st\u00f8tter standard leverings- og tilpassede dimensjonskrav for ulike girkassesystemer for biler og motorsykler.<\/p>\n<p>[\/et_pb_text][et_pb_code _builder_version=&#8221;4.27.6&#8243; _module_preset=&#8221;default&#8221; theme_builder_area=&#8221;post_content&#8221; hover_enabled=&#8221;0&#8243; sticky_enabled=&#8221;0&#8243;] <\/p>\n<div style=\"width:100%;max-width:100%;min-width:100%;overflow-x:auto;-webkit-overflow-scrolling:touch;margin-bottom:30px;box-sizing:border-box;\"><!-- [et_pb_line_break_holder] -->    <\/p>\n<table style=\"width:100%;border-collapse:collapse;table-layout:fixed;min-width:550px;\" cellspacing=\"0\" cellpadding=\"10\"><!-- [et_pb_line_break_holder] -->      <\/p>\n<thead><!-- [et_pb_line_break_holder] -->        <\/p>\n<tr style=\"background:linear-gradient(#34495e,#2c3e50);color:#ffffff;\"><!-- [et_pb_line_break_holder] -->          <\/p>\n<th style=\"border:1px solid #dee2e6;padding:12px;text-align:center;width:35%;\">Produktnavn<\/th>\n<p><!-- [et_pb_line_break_holder] -->          <\/p>\n<th style=\"border:1px solid #dee2e6;padding:12px;text-align:center;width:65%;\">Produktapplikasjon<\/th>\n<p><!-- [et_pb_line_break_holder] -->        <\/tr>\n<p><!-- [et_pb_line_break_holder] -->      <\/thead>\n<p><!-- [et_pb_line_break_holder] -->      <\/p>\n<tbody><!-- [et_pb_line_break_holder] -->        <\/p>\n<tr style=\"background:#ffffff;\"><!-- [et_pb_line_break_holder] -->          <\/p>\n<td style=\"border:1px solid #dee2e6;padding:12px;text-align:center;\">EP-420 Standard motorsykkelkjede<\/td>\n<p><!-- [et_pb_line_break_holder] -->          <\/p>\n<td style=\"border:1px solid #dee2e6;padding:12px;text-align:left;\">Standard drivkjede for lette og mellomstore motorsykler<\/td>\n<p><!-- [et_pb_line_break_holder] -->        <\/tr>\n<p><!-- [et_pb_line_break_holder] -->        <\/p>\n<tr style=\"background:#f8f9fa;\"><!-- [et_pb_line_break_holder] -->          <\/p>\n<td style=\"border:1px solid #dee2e6;padding:12px;text-align:center;\">EP-428 Standard motorsykkelkjede<\/td>\n<p><!-- [et_pb_line_break_holder] -->          <\/p>\n<td style=\"border:1px solid #dee2e6;padding:12px;text-align:left;\">Generell girkjede for motorsykler til daglig bruk<\/td>\n<p><!-- [et_pb_line_break_holder] -->        <\/tr>\n<p><!-- [et_pb_line_break_holder] -->        <\/p>\n<tr style=\"background:#ffffff;\"><!-- [et_pb_line_break_holder] -->          <\/p>\n<td style=\"border:1px solid #dee2e6;padding:12px;text-align:center;\">EP-520 Standard motorsykkelkjedel\u00f8sninger<\/td>\n<p><!-- [et_pb_line_break_holder] -->          <\/p>\n<td style=\"border:1px solid #dee2e6;padding:12px;text-align:left;\">Motorsykkelkjede med middels og stor slagvolum<\/td>\n<p><!-- [et_pb_line_break_holder] -->        <\/tr>\n<p><!-- [et_pb_line_break_holder] -->        <\/p>\n<tr style=\"background:#f8f9fa;\"><!-- [et_pb_line_break_holder] -->          <\/p>\n<td style=\"border:1px solid #dee2e6;padding:12px;text-align:center;\">EP-525 Standard motorsykkelkjede<\/td>\n<p><!-- [et_pb_line_break_holder] -->          <\/p>\n<td style=\"border:1px solid #dee2e6;padding:12px;text-align:left;\">H\u00f8ystyrke standardkjede for motorsykler med h\u00f8y ytelse<\/td>\n<p><!-- [et_pb_line_break_holder] -->        <\/tr>\n<p><!-- [et_pb_line_break_holder] -->        <\/p>\n<tr style=\"background:#ffffff;\"><!-- [et_pb_line_break_holder] -->          <\/p>\n<td style=\"border:1px solid #dee2e6;padding:12px;text-align:center;\">EP-530 Standard motorsykkelkjede<\/td>\n<p><!-- [et_pb_line_break_holder] -->          <\/p>\n<td style=\"border:1px solid #dee2e6;padding:12px;text-align:left;\">Kraftig girkjede for motorsykler med stort slagvolum<\/td>\n<p><!-- [et_pb_line_break_holder] -->        <\/tr>\n<p><!-- [et_pb_line_break_holder] -->        <\/p>\n<tr style=\"background:#f8f9fa;\"><!-- [et_pb_line_break_holder] -->          <\/p>\n<td style=\"border:1px solid #dee2e6;padding:12px;text-align:center;\">EP-bilrullekjeder<\/td>\n<p><!-- [et_pb_line_break_holder] -->          <\/p>\n<td style=\"border:1px solid #dee2e6;padding:12px;text-align:left;\">Kjede for registerruller til bilmotorer<\/td>\n<p><!-- [et_pb_line_break_holder] -->        <\/tr>\n<p><!-- [et_pb_line_break_holder] -->        <\/p>\n<tr style=\"background:#ffffff;\"><!-- [et_pb_line_break_holder] -->          <\/p>\n<td style=\"border:1px solid #dee2e6;padding:12px;text-align:center;\">EP-motorregistering stille kjede<\/td>\n<p><!-- [et_pb_line_break_holder] -->          <\/p>\n<td style=\"border:1px solid #dee2e6;padding:12px;text-align:left;\">Stille kjede for bilmotorens timingsystem<\/td>\n<p><!-- [et_pb_line_break_holder] -->        <\/tr>\n<p><!-- [et_pb_line_break_holder] -->        <\/p>\n<tr style=\"background:#f8f9fa;\"><!-- [et_pb_line_break_holder] -->          <\/p>\n<td style=\"border:1px solid #dee2e6;padding:12px;text-align:center;\">EP-Premium bilkjeder med bush<\/td>\n<p><!-- [et_pb_line_break_holder] -->          <\/p>\n<td style=\"border:1px solid #dee2e6;padding:12px;text-align:left;\">H\u00f8ykvalitets registerkjede for kjedeb\u00f8ssing for kj\u00f8ret\u00f8y<\/td>\n<p><!-- [et_pb_line_break_holder] -->        <\/tr>\n<p><!-- [et_pb_line_break_holder] -->        <\/p>\n<tr style=\"background:#ffffff;\"><!-- [et_pb_line_break_holder] -->          <\/p>\n<td style=\"border:1px solid #dee2e6;padding:12px;text-align:center;\">EP-Premium motorsykkelkjeder<\/td>\n<p><!-- [et_pb_line_break_holder] -->          <\/p>\n<td style=\"border:1px solid #dee2e6;padding:12px;text-align:left;\">Premium oppgradert kjede for avanserte motorsykler<\/td>\n<p><!-- [et_pb_line_break_holder] -->        <\/tr>\n<p><!-- [et_pb_line_break_holder] -->      <\/tbody>\n<p><!-- [et_pb_line_break_holder] -->    <\/table>\n<p><!-- [et_pb_line_break_holder] -->  <\/div>\n<p>[\/et_pb_code][et_pb_text _builder_version=&#8221;4.27.6&#8243; _module_preset=&#8221;default&#8221; theme_builder_area=&#8221;post_content&#8221; hover_enabled=&#8221;0&#8243; sticky_enabled=&#8221;0&#8243;]<\/p>\n<h3 style=\"text-align: center;\" data-doubao-line=\"59\" data-doubao-column=\"5\" data-doubao-key=\"39\">Produktegenskaper og fordeler<\/h3>\n<p data-doubao-line=\"60\" data-doubao-column=\"5\" data-doubao-key=\"40\">Alle bil- og motorsykkelkjeder bruker presisjonsstempling, varmebehandling og overflateforsterkende teknologi, med h\u00f8y strekkfasthet, utmerket slitestyrke og lav forlengelseshastighet under langvarig drift. Det komplette spesifikasjonsspekteret dekker vanlige modeller, og tilpasser seg fullt ut til lokalt kj\u00f8ret\u00f8yvedlikehold i Bahrain og Midt\u00f8sten og st\u00f8tter markedskrav. Hvert produkt f\u00f8lger strengt internasjonale produksjonsstandarder, med stabil gireffektivitet, lav st\u00f8y og sterk utmattingsmotstand, egnet for daglige pendlermotorsykler, h\u00f8yytelsesmodeller og girkasser for bilmotorer.\u00a0<\/p>\n<p>[\/et_pb_text][et_pb_shop _builder_version=&#8221;4.27.6&#8243; _module_preset=&#8221;default&#8221; theme_builder_area=&#8221;post_content&#8221; type=&#8221;product_category&#8221; posts_number=&#8221;99&#8243; include_categories=&#8221;34&#8243; hover_enabled=&#8221;0&#8243; sticky_enabled=&#8221;0&#8243;][\/et_pb_shop][\/et_pb_column][\/et_pb_row][\/et_pb_section]<\/p>","protected":false},"excerpt":{"rendered":"<p>Auto &amp; Motorcycle ChainOur auto and motorcycle chain series is engineered to deliver exceptional durability, precise transmission performance and long service life, perfectly suited for passenger vehicles, motorcycles and general power transmission equipment in Bahrain and Middle East markets. The product lineup covers standard motorcycle chains, engine timing roller chains, silent chains and premium bush [&hellip;]<\/p>","protected":false},"author":1,"featured_media":0,"parent":0,"menu_order":0,"comment_status":"closed","ping_status":"closed","template":"","meta":{"_et_pb_use_builder":"on","_et_pb_old_content":"","_et_gb_content_width":"","footnotes":""},"class_list":["post-446","page","type-page","status-publish","hentry"],"_links":{"self":[{"href":"https:\/\/automatictransmissionpart.com\/nb\/wp-json\/wp\/v2\/pages\/446","targetHints":{"allow":["GET"]}}],"collection":[{"href":"https:\/\/automatictransmissionpart.com\/nb\/wp-json\/wp\/v2\/pages"}],"about":[{"href":"https:\/\/automatictransmissionpart.com\/nb\/wp-json\/wp\/v2\/types\/page"}],"author":[{"embeddable":true,"href":"https:\/\/automatictransmissionpart.com\/nb\/wp-json\/wp\/v2\/users\/1"}],"replies":[{"embeddable":true,"href":"https:\/\/automatictransmissionpart.com\/nb\/wp-json\/wp\/v2\/comments?post=446"}],"version-history":[{"count":2,"href":"https:\/\/automatictransmissionpart.com\/nb\/wp-json\/wp\/v2\/pages\/446\/revisions"}],"predecessor-version":[{"id":449,"href":"https:\/\/automatictransmissionpart.com\/nb\/wp-json\/wp\/v2\/pages\/446\/revisions\/449"}],"wp:attachment":[{"href":"https:\/\/automatictransmissionpart.com\/nb\/wp-json\/wp\/v2\/media?parent=446"}],"curies":[{"name":"wp","href":"https:\/\/api.w.org\/{rel}","templated":true}]}}