{"id":446,"date":"2026-05-15T06:48:08","date_gmt":"2026-05-15T06:48:08","guid":{"rendered":"https:\/\/automatictransmissionpart.com\/?page_id=446"},"modified":"2026-05-15T06:48:16","modified_gmt":"2026-05-15T06:48:16","slug":"catena-per-motocicletta","status":"publish","type":"page","link":"https:\/\/automatictransmissionpart.com\/it\/catena-per-motocicletta\/","title":{"rendered":"Auto &#038; Motorcycle Chain"},"content":{"rendered":"<p>[et_pb_section fb_built=&#8221;1&#8243; theme_builder_area=&#8221;post_content&#8221; _builder_version=&#8221;4.27.6&#8243; _module_preset=&#8221;default&#8221;][et_pb_row _builder_version=&#8221;4.27.6&#8243; _module_preset=&#8221;default&#8221; theme_builder_area=&#8221;post_content&#8221; width=&#8221;90%&#8221; max_width=&#8221;100%&#8221; hover_enabled=&#8221;0&#8243; sticky_enabled=&#8221;0&#8243;][et_pb_column _builder_version=&#8221;4.27.6&#8243; _module_preset=&#8221;default&#8221; type=&#8221;4_4&#8243; theme_builder_area=&#8221;post_content&#8221;][et_pb_text _builder_version=&#8221;4.27.6&#8243; _module_preset=&#8221;default&#8221; theme_builder_area=&#8221;post_content&#8221; header_2_text_align=&#8221;center&#8221; header_2_font_size=&#8221;50px&#8221; hover_enabled=&#8221;0&#8243; sticky_enabled=&#8221;0&#8243;]<\/p>\n<h2 class=\"woocommerce-products-header__title page-title\">Catena per auto e moto<\/h2>\n<p>[\/et_pb_text][et_pb_text _builder_version=&#8221;4.27.6&#8243; _module_preset=&#8221;default&#8221; theme_builder_area=&#8221;post_content&#8221; hover_enabled=&#8221;0&#8243; sticky_enabled=&#8221;0&#8243;]<\/p>\n<p>La nostra serie di catene per auto e moto \u00e8 progettata per offrire durata eccezionale, prestazioni di trasmissione precise e lunga durata, risultando perfettamente adatta per autovetture, motociclette e apparecchiature di trasmissione di potenza in generale nei mercati del Bahrain e del Medio Oriente. La gamma di prodotti comprende catene standard per motociclette, catene a rulli per la distribuzione del motore, catene silenziose e catene con boccole di alta qualit\u00e0, realizzate con acciaio legato di prima scelta e processi di produzione di precisione. Ogni catena viene sottoposta a rigorosi test di resistenza alla trazione, controlli di resistenza alla fatica e calibrazione dimensionale, garantendo un funzionamento stabile in condizioni di lavoro ad alto carico e alta velocit\u00e0. Le specifiche complete soddisfano le esigenze di compatibilit\u00e0 dei modelli pi\u00f9 diffusi, supportando la fornitura standard e le richieste di dimensioni personalizzate per vari sistemi di trasmissione di auto e moto.<\/p>\n<p>[\/et_pb_text][et_pb_code _builder_version=&#8221;4.27.6&#8243; _module_preset=&#8221;default&#8221; theme_builder_area=&#8221;post_content&#8221; hover_enabled=&#8221;0&#8243; sticky_enabled=&#8221;0&#8243;] <\/p>\n<div style=\"width:100%;max-width:100%;min-width:100%;overflow-x:auto;-webkit-overflow-scrolling:touch;margin-bottom:30px;box-sizing:border-box;\"><!-- [et_pb_line_break_holder] -->    <\/p>\n<table style=\"width:100%;border-collapse:collapse;table-layout:fixed;min-width:550px;\" cellspacing=\"0\" cellpadding=\"10\"><!-- [et_pb_line_break_holder] -->      <\/p>\n<thead><!-- [et_pb_line_break_holder] -->        <\/p>\n<tr style=\"background:linear-gradient(#34495e,#2c3e50);color:#ffffff;\"><!-- [et_pb_line_break_holder] -->          <\/p>\n<th style=\"border:1px solid #dee2e6;padding:12px;text-align:center;width:35%;\">Nome del prodotto<\/th>\n<p><!-- [et_pb_line_break_holder] -->          <\/p>\n<th style=\"border:1px solid #dee2e6;padding:12px;text-align:center;width:65%;\">Applicazione del prodotto<\/th>\n<p><!-- [et_pb_line_break_holder] -->        <\/tr>\n<p><!-- [et_pb_line_break_holder] -->      <\/thead>\n<p><!-- [et_pb_line_break_holder] -->      <\/p>\n<tbody><!-- [et_pb_line_break_holder] -->        <\/p>\n<tr style=\"background:#ffffff;\"><!-- [et_pb_line_break_holder] -->          <\/p>\n<td style=\"border:1px solid #dee2e6;padding:12px;text-align:center;\">Catena per moto standard EP-420<\/td>\n<p><!-- [et_pb_line_break_holder] -->          <\/p>\n<td style=\"border:1px solid #dee2e6;padding:12px;text-align:left;\">Catena di trasmissione standard per motociclette di piccola e media cilindrata.<\/td>\n<p><!-- [et_pb_line_break_holder] -->        <\/tr>\n<p><!-- [et_pb_line_break_holder] -->        <\/p>\n<tr style=\"background:#f8f9fa;\"><!-- [et_pb_line_break_holder] -->          <\/p>\n<td style=\"border:1px solid #dee2e6;padding:12px;text-align:center;\">Catena per moto standard EP-428<\/td>\n<p><!-- [et_pb_line_break_holder] -->          <\/p>\n<td style=\"border:1px solid #dee2e6;padding:12px;text-align:left;\">Catena di trasmissione universale per motociclette di uso quotidiano<\/td>\n<p><!-- [et_pb_line_break_holder] -->        <\/tr>\n<p><!-- [et_pb_line_break_holder] -->        <\/p>\n<tr style=\"background:#ffffff;\"><!-- [et_pb_line_break_holder] -->          <\/p>\n<td style=\"border:1px solid #dee2e6;padding:12px;text-align:center;\">Soluzioni standard per catene da motocicletta EP-520<\/td>\n<p><!-- [et_pb_line_break_holder] -->          <\/p>\n<td style=\"border:1px solid #dee2e6;padding:12px;text-align:left;\">Catena di trasmissione per motociclette di media e grande cilindrata<\/td>\n<p><!-- [et_pb_line_break_holder] -->        <\/tr>\n<p><!-- [et_pb_line_break_holder] -->        <\/p>\n<tr style=\"background:#f8f9fa;\"><!-- [et_pb_line_break_holder] -->          <\/p>\n<td style=\"border:1px solid #dee2e6;padding:12px;text-align:center;\">Catena per motocicletta standard EP-525<\/td>\n<p><!-- [et_pb_line_break_holder] -->          <\/p>\n<td style=\"border:1px solid #dee2e6;padding:12px;text-align:left;\">Catena standard ad alta resistenza per motociclette ad alte prestazioni<\/td>\n<p><!-- [et_pb_line_break_holder] -->        <\/tr>\n<p><!-- [et_pb_line_break_holder] -->        <\/p>\n<tr style=\"background:#ffffff;\"><!-- [et_pb_line_break_holder] -->          <\/p>\n<td style=\"border:1px solid #dee2e6;padding:12px;text-align:center;\">Catena per motocicletta standard EP-530<\/td>\n<p><!-- [et_pb_line_break_holder] -->          <\/p>\n<td style=\"border:1px solid #dee2e6;padding:12px;text-align:left;\">Catena di trasmissione rinforzata per motociclette di grossa cilindrata<\/td>\n<p><!-- [et_pb_line_break_holder] -->        <\/tr>\n<p><!-- [et_pb_line_break_holder] -->        <\/p>\n<tr style=\"background:#f8f9fa;\"><!-- [et_pb_line_break_holder] -->          <\/p>\n<td style=\"border:1px solid #dee2e6;padding:12px;text-align:center;\">Catene a rulli per autoveicoli EP<\/td>\n<p><!-- [et_pb_line_break_holder] -->          <\/p>\n<td style=\"border:1px solid #dee2e6;padding:12px;text-align:left;\">catena di distribuzione del motore automobilistico<\/td>\n<p><!-- [et_pb_line_break_holder] -->        <\/tr>\n<p><!-- [et_pb_line_break_holder] -->        <\/p>\n<tr style=\"background:#ffffff;\"><!-- [et_pb_line_break_holder] -->          <\/p>\n<td style=\"border:1px solid #dee2e6;padding:12px;text-align:center;\">Catena silenziosa di distribuzione del motore EP<\/td>\n<p><!-- [et_pb_line_break_holder] -->          <\/p>\n<td style=\"border:1px solid #dee2e6;padding:12px;text-align:left;\">Catena silenziosa per il sistema di distribuzione del motore automobilistico<\/td>\n<p><!-- [et_pb_line_break_holder] -->        <\/tr>\n<p><!-- [et_pb_line_break_holder] -->        <\/p>\n<tr style=\"background:#f8f9fa;\"><!-- [et_pb_line_break_holder] -->          <\/p>\n<td style=\"border:1px solid #dee2e6;padding:12px;text-align:center;\">Catene da neve EP-Premium per autoveicoli<\/td>\n<p><!-- [et_pb_line_break_holder] -->          <\/p>\n<td style=\"border:1px solid #dee2e6;padding:12px;text-align:left;\">Catena di distribuzione di alta qualit\u00e0 per veicoli<\/td>\n<p><!-- [et_pb_line_break_holder] -->        <\/tr>\n<p><!-- [et_pb_line_break_holder] -->        <\/p>\n<tr style=\"background:#ffffff;\"><!-- [et_pb_line_break_holder] -->          <\/p>\n<td style=\"border:1px solid #dee2e6;padding:12px;text-align:center;\">Catene per motociclette EP-Premium<\/td>\n<p><!-- [et_pb_line_break_holder] -->          <\/p>\n<td style=\"border:1px solid #dee2e6;padding:12px;text-align:left;\">Catena di alta qualit\u00e0 per motociclette di fascia alta.<\/td>\n<p><!-- [et_pb_line_break_holder] -->        <\/tr>\n<p><!-- [et_pb_line_break_holder] -->      <\/tbody>\n<p><!-- [et_pb_line_break_holder] -->    <\/table>\n<p><!-- [et_pb_line_break_holder] -->  <\/div>\n<p>[\/et_pb_code][et_pb_text _builder_version=&#8221;4.27.6&#8243; _module_preset=&#8221;default&#8221; theme_builder_area=&#8221;post_content&#8221; hover_enabled=&#8221;0&#8243; sticky_enabled=&#8221;0&#8243;]<\/p>\n<h3 style=\"text-align: center;\" data-doubao-line=\"59\" data-doubao-column=\"5\" data-doubao-key=\"39\">Caratteristiche e vantaggi del prodotto<\/h3>\n<p data-doubao-line=\"60\" data-doubao-column=\"5\" data-doubao-key=\"40\">Tutte le catene per auto e moto adottano tecnologie di stampaggio di precisione, trattamento termico e rinforzo superficiale, caratterizzate da elevata resistenza alla trazione, eccellente resistenza all'usura e basso allungamento durante il funzionamento a lungo termine. La gamma completa di specifiche copre i modelli pi\u00f9 diffusi, adattandosi perfettamente alle esigenze di manutenzione dei veicoli in Bahrain e in Medio Oriente e supportando le richieste del mercato. Ogni prodotto rispetta rigorosamente gli standard di produzione internazionali, garantendo un'efficienza di trasmissione stabile, bassa rumorosit\u00e0 e forte resistenza alla fatica, risultando adatto a motociclette per uso quotidiano, modelli ad alte prestazioni e sistemi di trasmissione per motori automobilistici.\u00a0<\/p>\n<p>[\/et_pb_text][et_pb_shop _builder_version=&#8221;4.27.6&#8243; _module_preset=&#8221;default&#8221; theme_builder_area=&#8221;post_content&#8221; type=&#8221;product_category&#8221; posts_number=&#8221;99&#8243; include_categories=&#8221;34&#8243; hover_enabled=&#8221;0&#8243; sticky_enabled=&#8221;0&#8243;][\/et_pb_shop][\/et_pb_column][\/et_pb_row][\/et_pb_section]<\/p>","protected":false},"excerpt":{"rendered":"<p>Auto &amp; Motorcycle ChainOur auto and motorcycle chain series is engineered to deliver exceptional durability, precise transmission performance and long service life, perfectly suited for passenger vehicles, motorcycles and general power transmission equipment in Bahrain and Middle East markets. The product lineup covers standard motorcycle chains, engine timing roller chains, silent chains and premium bush [&hellip;]<\/p>","protected":false},"author":1,"featured_media":0,"parent":0,"menu_order":0,"comment_status":"closed","ping_status":"closed","template":"","meta":{"_et_pb_use_builder":"on","_et_pb_old_content":"","_et_gb_content_width":"","footnotes":""},"class_list":["post-446","page","type-page","status-publish","hentry"],"_links":{"self":[{"href":"https:\/\/automatictransmissionpart.com\/it\/wp-json\/wp\/v2\/pages\/446","targetHints":{"allow":["GET"]}}],"collection":[{"href":"https:\/\/automatictransmissionpart.com\/it\/wp-json\/wp\/v2\/pages"}],"about":[{"href":"https:\/\/automatictransmissionpart.com\/it\/wp-json\/wp\/v2\/types\/page"}],"author":[{"embeddable":true,"href":"https:\/\/automatictransmissionpart.com\/it\/wp-json\/wp\/v2\/users\/1"}],"replies":[{"embeddable":true,"href":"https:\/\/automatictransmissionpart.com\/it\/wp-json\/wp\/v2\/comments?post=446"}],"version-history":[{"count":2,"href":"https:\/\/automatictransmissionpart.com\/it\/wp-json\/wp\/v2\/pages\/446\/revisions"}],"predecessor-version":[{"id":449,"href":"https:\/\/automatictransmissionpart.com\/it\/wp-json\/wp\/v2\/pages\/446\/revisions\/449"}],"wp:attachment":[{"href":"https:\/\/automatictransmissionpart.com\/it\/wp-json\/wp\/v2\/media?parent=446"}],"curies":[{"name":"wp","href":"https:\/\/api.w.org\/{rel}","templated":true}]}}