{"id":451,"date":"2026-05-15T07:02:21","date_gmt":"2026-05-15T07:02:21","guid":{"rendered":"https:\/\/automatictransmissionpart.com\/?page_id=451"},"modified":"2026-05-15T07:02:28","modified_gmt":"2026-05-15T07:02:28","slug":"serie-de-ruedas-de-coche","status":"publish","type":"page","link":"https:\/\/automatictransmissionpart.com\/es\/serie-de-ruedas-de-coche\/","title":{"rendered":"Serie de ruedas de coche"},"content":{"rendered":"<p>[et_pb_section fb_built=&#8221;1&#8243; theme_builder_area=&#8221;post_content&#8221; _builder_version=&#8221;4.27.6&#8243; _module_preset=&#8221;default&#8221;][et_pb_row _builder_version=&#8221;4.27.6&#8243; _module_preset=&#8221;default&#8221; theme_builder_area=&#8221;post_content&#8221; width=&#8221;90%&#8221; max_width=&#8221;100%&#8221; hover_enabled=&#8221;0&#8243; sticky_enabled=&#8221;0&#8243;][et_pb_column _builder_version=&#8221;4.27.6&#8243; _module_preset=&#8221;default&#8221; type=&#8221;4_4&#8243; theme_builder_area=&#8221;post_content&#8221;][et_pb_text _builder_version=&#8221;4.27.6&#8243; _module_preset=&#8221;default&#8221; theme_builder_area=&#8221;post_content&#8221; header_2_text_align=&#8221;center&#8221; header_2_font_size=&#8221;50px&#8221; hover_enabled=&#8221;0&#8243; sticky_enabled=&#8221;0&#8243;]<\/p>\n<h2 data-doubao-line=\"3\" data-doubao-column=\"5\" data-doubao-key=\"2\">Serie de ruedas de coche<\/h2>\n<p>[\/et_pb_text][et_pb_text _builder_version=&#8221;4.27.6&#8243; _module_preset=&#8221;default&#8221; theme_builder_area=&#8221;post_content&#8221; hover_enabled=&#8221;0&#8243; sticky_enabled=&#8221;0&#8243;]<\/p>\n<p>Nuestra completa gama de ruedas para autom\u00f3viles y veh\u00edculos pesados \u200b\u200best\u00e1 dise\u00f1ada profesionalmente para adaptarse a diversas especificaciones regionales, incluyendo Jap\u00f3n, Australia, Norteam\u00e9rica y modelos universales, satisfaciendo a la perfecci\u00f3n las demandas del mercado de Bahr\u00e9in y las regiones circundantes de Oriente Medio. La gama de productos abarca ruedas para remolques de camiones, ruedas de doble c\u00edrculo de pernos, ruedas agr\u00edcolas, ruedas para la construcci\u00f3n y ruedas para remolques ligeros. Todas las ruedas est\u00e1n fabricadas con materiales de alta resistencia y un proceso de fabricaci\u00f3n de precisi\u00f3n, lo que les confiere una alta capacidad de carga, gran resistencia al impacto, redondez estable y excelente durabilidad. Son aptas para camiones pesados, remolques, turismos, veh\u00edculos agr\u00edcolas y maquinaria de construcci\u00f3n, y cumplen con los requisitos de instalaci\u00f3n est\u00e1ndar y personalizados para cada regi\u00f3n.<\/p>\n<p>[\/et_pb_text][et_pb_code _builder_version=&#8221;4.27.6&#8243; _module_preset=&#8221;default&#8221; theme_builder_area=&#8221;post_content&#8221; hover_enabled=&#8221;0&#8243; sticky_enabled=&#8221;0&#8243;] <\/p>\n<div style=\"width:100%;max-width:100%;min-width:100%;overflow-x:auto;-webkit-overflow-scrolling:touch;margin-bottom:30px;box-sizing:border-box;\"><!-- [et_pb_line_break_holder] -->    <\/p>\n<table style=\"width:100%;border-collapse:collapse;table-layout:fixed;min-width:550px;\" cellspacing=\"0\" cellpadding=\"10\"><!-- [et_pb_line_break_holder] -->      <\/p>\n<thead><!-- [et_pb_line_break_holder] -->        <\/p>\n<tr style=\"background:linear-gradient(80deg,#34495e,#2c3e50);color:#ffffff;\"><!-- [et_pb_line_break_holder] -->          <\/p>\n<th style=\"border:1px solid #dee2e6;padding:12px;text-align:center;width:30%;\">Nombre del producto<\/th>\n<p><!-- [et_pb_line_break_holder] -->          <\/p>\n<th style=\"border:1px solid #dee2e6;padding:12px;text-align:center;width:40%;Applicable Region \/ Type<\/th><p><!-- [et_pb_line_break_holder] -->        <\/tr><p><!-- [et_pb_line_break_holder] -->      <\/thead><p><!-- [et_pb_line_break_holder] -->      <\/p><tbody><!-- [et_pb_line_break_holder] -->        <\/p><tr style=\"background:#ffffff;\"><!-- [et_pb_line_break_holder] -->                <\/tr>\n<p><!-- [et_pb_line_break_holder] -->        <\/p>\n<tr style=\"background:#f1f3f5;\"><!-- [et_pb_line_break_holder] -->          <\/p>\n<td style=\"border:1px solid #dee2e6;padding:12px;text-align:center;\">Ruedas para remolque EP-10\u2033 de doble c\u00edrculo de paso est\u00e1ndar<\/td>\n<p><!-- [et_pb_line_break_holder] -->          <\/p>\n<td style=\"border:1px solid #dee2e6;padding:12px;text-align:center;\">Remolque universal<\/td>\n<p><!-- [et_pb_line_break_holder] -->        <\/tr>\n<p><!-- [et_pb_line_break_holder] -->        <\/p>\n<tr style=\"background:#ffffff;\"><!-- [et_pb_line_break_holder] -->          <\/p>\n<td style=\"border:1px solid #dee2e6;padding:12px;text-align:center;\">Rueda de veh\u00edculo agr\u00edcola EP<\/td>\n<p><!-- [et_pb_line_break_holder] -->          <\/p>\n<td style=\"border:1px solid #dee2e6;padding:12px;text-align:center;\">Veh\u00edculo agr\u00edcola<\/td>\n<p><!-- [et_pb_line_break_holder] -->        <\/tr>\n<p><!-- [et_pb_line_break_holder] -->        <\/p>\n<tr style=\"background:#f1f3f5;\"><!-- [et_pb_line_break_holder] -->          <\/p>\n<td style=\"border:1px solid #dee2e6;padding:12px;text-align:center;\">Rueda universal de doble c\u00edrculo de paso doble con doble PCD EP<\/td>\n<p><!-- [et_pb_line_break_holder] -->          <\/p>\n<td style=\"border:1px solid #dee2e6;padding:12px;text-align:center;\">Universal para autom\u00f3viles de pasajeros<\/td>\n<p><!-- [et_pb_line_break_holder] -->        <\/tr>\n<p><!-- [et_pb_line_break_holder] -->        <\/p>\n<tr style=\"background:#ffffff;\"><!-- [et_pb_line_break_holder] -->          <\/p>\n<td style=\"border:1px solid #dee2e6;padding:12px;text-align:center;\">Rueda de remolque EP-Dual OEM \u2014 Norteam\u00e9rica<\/td>\n<p><!-- [et_pb_line_break_holder] -->          <\/p>\n<td style=\"border:1px solid #dee2e6;padding:12px;text-align:center;\">Am\u00e9rica del Norte \/ Tr\u00e1iler<\/td>\n<p><!-- [et_pb_line_break_holder] -->        <\/tr>\n<p><!-- [et_pb_line_break_holder] -->        <\/p>\n<tr style=\"background:#f1f3f5;\"><!-- [et_pb_line_break_holder] -->          <\/p>\n<td style=\"border:1px solid #dee2e6;padding:12px;text-align:center;\">EP-DW Series Agricultural &#038; Constructional Wheel<\/td>\n<p><!-- [et_pb_line_break_holder] -->          <\/p>\n<td style=\"border:1px solid #dee2e6;padding:12px;text-align:center;\">Agriculture &#038; Construction<\/td>\n<p><!-- [et_pb_line_break_holder] -->        <\/tr>\n<p><!-- [et_pb_line_break_holder] -->        <\/p>\n<tr style=\"background:#ffffff;\"><!-- [et_pb_line_break_holder] -->          <\/p>\n<td style=\"border:1px solid #dee2e6;padding:12px;text-align:center;\">Rueda de remolque para cami\u00f3n de servicio pesado EP para Australia<\/td>\n<p><!-- [et_pb_line_break_holder] -->          <\/p>\n<td style=\"border:1px solid #dee2e6;padding:12px;text-align:center;\">Australia \/ Truck &#038; Trailer<\/td>\n<p><!-- [et_pb_line_break_holder] -->        <\/tr>\n<p><!-- [et_pb_line_break_holder] -->        <\/p>\n<tr style=\"background:#f1f3f5;\"><!-- [et_pb_line_break_holder] -->          <\/p>\n<td style=\"border:1px solid #dee2e6;padding:12px;text-align:center;\">Rueda de remolque para cami\u00f3n de servicio pesado EP para Norteam\u00e9rica<\/td>\n<p><!-- [et_pb_line_break_holder] -->          <\/p>\n<td style=\"border:1px solid #dee2e6;padding:12px;text-align:center;\">Est\u00e1ndar de Am\u00e9rica del Norte<\/td>\n<p><!-- [et_pb_line_break_holder] -->        <\/tr>\n<p><!-- [et_pb_line_break_holder] -->        <\/p>\n<tr style=\"background:#ffffff;\"><!-- [et_pb_line_break_holder] -->          <\/p>\n<td style=\"border:1px solid #dee2e6;padding:12px;text-align:center;\">Rueda de remolque para cami\u00f3n ligero EP Norteam\u00e9rica<\/td>\n<p><!-- [et_pb_line_break_holder] -->          <\/p>\n<td style=\"border:1px solid #dee2e6;padding:12px;text-align:center;\">Servicio ligero en Norteam\u00e9rica<\/td>\n<p><!-- [et_pb_line_break_holder] -->        <\/tr>\n<p><!-- [et_pb_line_break_holder] -->      <\/tbody>\n<p><!-- [et_pb_line_break_holder] -->    <\/table>\n<p><!-- [et_pb_line_break_holder] -->  <\/div>\n<p>[\/et_pb_code][et_pb_shop _builder_version=&#8221;4.27.6&#8243; _module_preset=&#8221;default&#8221; theme_builder_area=&#8221;post_content&#8221; type=&#8221;product_category&#8221; posts_number=&#8221;99&#8243; include_categories=&#8221;24&#8243; hover_enabled=&#8221;0&#8243; sticky_enabled=&#8221;0&#8243;][\/et_pb_shop][\/et_pb_column][\/et_pb_row][\/et_pb_section]<\/p>","protected":false},"excerpt":{"rendered":"<p>Car Wheel SeriesOur comprehensive car wheel and heavy-duty vehicle wheel series is professionally engineered to fit multiple regional specifications including Japan, Australia, North America and general universal models, perfectly matching the market demands of Bahrain and surrounding Middle East regions. The product range covers truck trailer wheels, dual pitch circle wheels, agricultural wheels, engineering construction [&hellip;]<\/p>","protected":false},"author":1,"featured_media":0,"parent":0,"menu_order":0,"comment_status":"closed","ping_status":"closed","template":"","meta":{"_et_pb_use_builder":"on","_et_pb_old_content":"","_et_gb_content_width":"","footnotes":""},"class_list":["post-451","page","type-page","status-publish","hentry"],"_links":{"self":[{"href":"https:\/\/automatictransmissionpart.com\/es\/wp-json\/wp\/v2\/pages\/451","targetHints":{"allow":["GET"]}}],"collection":[{"href":"https:\/\/automatictransmissionpart.com\/es\/wp-json\/wp\/v2\/pages"}],"about":[{"href":"https:\/\/automatictransmissionpart.com\/es\/wp-json\/wp\/v2\/types\/page"}],"author":[{"embeddable":true,"href":"https:\/\/automatictransmissionpart.com\/es\/wp-json\/wp\/v2\/users\/1"}],"replies":[{"embeddable":true,"href":"https:\/\/automatictransmissionpart.com\/es\/wp-json\/wp\/v2\/comments?post=451"}],"version-history":[{"count":2,"href":"https:\/\/automatictransmissionpart.com\/es\/wp-json\/wp\/v2\/pages\/451\/revisions"}],"predecessor-version":[{"id":454,"href":"https:\/\/automatictransmissionpart.com\/es\/wp-json\/wp\/v2\/pages\/451\/revisions\/454"}],"wp:attachment":[{"href":"https:\/\/automatictransmissionpart.com\/es\/wp-json\/wp\/v2\/media?parent=451"}],"curies":[{"name":"wp","href":"https:\/\/api.w.org\/{rel}","templated":true}]}}