{"id":142,"date":"2026-04-24T06:13:55","date_gmt":"2026-04-24T06:13:55","guid":{"rendered":"https:\/\/automatictransmissionpart.com\/?page_id=142"},"modified":"2026-04-24T06:14:03","modified_gmt":"2026-04-24T06:14:03","slug":"kontaktieren-sie-uns","status":"publish","type":"page","link":"https:\/\/automatictransmissionpart.com\/de\/kontaktieren-sie-uns\/","title":{"rendered":"Kontaktieren Sie uns"},"content":{"rendered":"<p>[et_pb_section fb_built=&#8221;1&#8243; admin_label=&#8221;Header&#8221; _builder_version=&#8221;4.17.6&#8243; _module_preset=&#8221;default&#8221; background_color=&#8221;#0D232D&#8221; overflow-x=&#8221;hidden&#8221; overflow-y=&#8221;hidden&#8221; custom_padding=&#8221;0px||0px||false|false&#8221; collapsed=&#8221;on&#8221; global_colors_info=&#8221;{}&#8221; theme_builder_area=&#8221;post_content&#8221;][et_pb_row column_structure=&#8221;3_5,2_5&#8243; make_equal=&#8221;on&#8221; _builder_version=&#8221;4.20.4&#8243; _module_preset=&#8221;default&#8221; custom_padding=&#8221;0px||0px||false|false&#8221; hover_enabled=&#8221;0&#8243; global_colors_info=&#8221;{}&#8221; theme_builder_area=&#8221;post_content&#8221; width=&#8221;90%&#8221; max_width=&#8221;100%&#8221; sticky_enabled=&#8221;0&#8243;][et_pb_column type=&#8221;3_5&#8243; _builder_version=&#8221;4.17.6&#8243; _module_preset=&#8221;default&#8221; custom_padding=&#8221;10%|15%|||false|false&#8221; custom_padding_tablet=&#8221;||||false|false&#8221; custom_padding_phone=&#8221;||||false|false&#8221; custom_padding_last_edited=&#8221;on|tablet&#8221; global_colors_info=&#8221;{}&#8221; theme_builder_area=&#8221;post_content&#8221;][et_pb_text _builder_version=&#8221;4.17.6&#8243; _module_preset=&#8221;c16985e1-e0d6-4022-964d-e2bfc04fa633&#8243; header_font=&#8221;Anton|||on|||||&#8221; header_text_color=&#8221;#AE8F73&#8243; header_font_size=&#8221;100px&#8221; header_line_height=&#8221;1.15em&#8221; width=&#8221;140%&#8221; width_tablet=&#8221;100%&#8221; width_phone=&#8221;100%&#8221; width_last_edited=&#8221;on|tablet&#8221; header_font_size_tablet=&#8221;40px&#8221; header_font_size_phone=&#8221;24px&#8221; header_font_size_last_edited=&#8221;on|desktop&#8221; global_colors_info=&#8221;{}&#8221; theme_builder_area=&#8221;post_content&#8221;]<\/p>\n<h1>Nehmen Sie Kontakt auf<\/h1>\n<p>[\/et_pb_text][et_pb_text _builder_version=&#8221;4.20.4&#8243; _module_preset=&#8221;4827deed-2a92-4d97-a22f-f01067ae6873&#8243; header_font=&#8221;||||||||&#8221; header_4_font=&#8221;Roboto Condensed|700||on|||||&#8221; header_4_text_color=&#8221;#FFFFFF&#8221; header_4_font_size=&#8221;24px&#8221; header_4_line_height=&#8221;1.4em&#8221; custom_margin=&#8221;||30px||false|false&#8221; hover_enabled=&#8221;0&#8243; header_4_font_size_tablet=&#8221;16px&#8221; header_4_font_size_phone=&#8221;14px&#8221; header_4_font_size_last_edited=&#8221;on|phone&#8221; locked=&#8221;off&#8221; global_colors_info=&#8221;{}&#8221; theme_builder_area=&#8221;post_content&#8221; text_text_color=&#8221;#FFFFFF&#8221; sticky_enabled=&#8221;0&#8243;]<\/p>\n<p>Als einer der Hersteller, Lieferanten und Exporteure von Automatikgetriebeteilen und mechanischen Produkten bieten wir Automatikgetriebeteile und viele weitere Produkte an.<br \/>F\u00fcr weitere Informationen kontaktieren Sie uns bitte.<\/p>\n<p>E-Mail:<a href=\"mailto:sales@automatictransmissionpart.com\">sales@automatictransmissionpart.com<\/a><\/p>\n<p>Hersteller, Lieferant und Exporteur von Automatikgetriebeteilen.<br \/>Wir sind spezialisiert auf die Herstellung von Landwirtschaftsgetrieben, Zapfwellen, Kettenr\u00e4dern, Fl\u00fcssigkeitskupplungen, Schneckengetrieben, Zahnr\u00e4dern und Zahnstangen, Rollenketten, Riemenscheiben, Planetengetrieben, Zahnriemenscheiben, Wellenringen und mehr.<br \/>Wir exportieren unsere Produkte an Kunden weltweit und haben uns dank unserer hervorragenden Produktqualit\u00e4t und unseres Kundendienstes einen guten Ruf erworben.<br \/>Wir hei\u00dfen Kunden im In- und Ausland herzlich willkommen, mit uns Kontakt aufzunehmen, um \u00fcber Gesch\u00e4fte zu verhandeln, Informationen auszutauschen und mit uns zusammenzuarbeiten.<\/p>\n<p>[\/et_pb_text][\/et_pb_column][et_pb_column type=&#8221;2_5&#8243; _builder_version=&#8221;4.17.4&#8243; _module_preset=&#8221;default&#8221; global_colors_info=&#8221;{}&#8221; theme_builder_area=&#8221;post_content&#8221;][et_pb_image src=&#8221;https:\/\/automatictransmissionpart.com\/wp-content\/uploads\/2026\/04\/automatictransmissionpart-products-factory-machine.webp&#8221; title_text=&#8221;automatictransmissionpart-products-factory-machine&#8221; show_bottom_space=&#8221;off&#8221; _builder_version=&#8221;4.20.4&#8243; _module_preset=&#8221;default&#8221; width_tablet=&#8221;45%&#8221; width_phone=&#8221;45%&#8221; width_last_edited=&#8221;on|tablet&#8221; custom_margin=&#8221;|-20vw|||false|false&#8221; custom_margin_tablet=&#8221;|0vw|||false|false&#8221; custom_margin_phone=&#8221;|0vw|||false|false&#8221; custom_margin_last_edited=&#8221;on|tablet&#8221; hover_enabled=&#8221;0&#8243; global_colors_info=&#8221;{}&#8221; width__hover_enabled=&#8221;off|desktop&#8221; theme_builder_area=&#8221;post_content&#8221; alt=&#8221;automatictransmissionpart-products-factory-machine&#8221; sticky_enabled=&#8221;0&#8243;][\/et_pb_image][et_pb_image src=&#8221;https:\/\/automatictransmissionpart.com\/wp-content\/uploads\/2026\/04\/automatictransmissionpart-products-factory5.webp&#8221; title_text=&#8221;automatictransmissionpart-products-factory5&#8243; align_tablet=&#8221;right&#8221; align_phone=&#8221;right&#8221; align_last_edited=&#8221;on|tablet&#8221; _builder_version=&#8221;4.20.4&#8243; _module_preset=&#8221;default&#8221; transform_scale_tablet=&#8221;&#8221; transform_scale_phone=&#8221;&#8221; transform_scale_last_edited=&#8221;on|tablet&#8221; transform_translate=&#8221;-50%|0px&#8221; transform_translate_tablet=&#8221;0%|0px&#8221; transform_translate_phone=&#8221;0%|0px&#8221; transform_translate_last_edited=&#8221;on|tablet&#8221; transform_translate_linked=&#8221;off&#8221; transform_rotate_tablet=&#8221;&#8221; transform_rotate_phone=&#8221;&#8221; transform_rotate_last_edited=&#8221;on|tablet&#8221; transform_skew_tablet=&#8221;&#8221; transform_skew_phone=&#8221;&#8221; transform_skew_last_edited=&#8221;on|tablet&#8221; transform_origin_tablet=&#8221;&#8221; transform_origin_phone=&#8221;&#8221; transform_origin_last_edited=&#8221;on|tablet&#8221; transform_styles_last_edited=&#8221;on|tablet&#8221; positioning=&#8221;absolute&#8221; position_origin_a=&#8221;bottom_left&#8221; position_origin_a_tablet=&#8221;bottom_left&#8221; position_origin_a_phone=&#8221;bottom_left&#8221; position_origin_a_last_edited=&#8221;on|tablet&#8221; position_origin_f_tablet=&#8221;&#8221; position_origin_f_phone=&#8221;&#8221; position_origin_f_last_edited=&#8221;on|tablet&#8221; position_origin_r_tablet=&#8221;&#8221; position_origin_r_phone=&#8221;&#8221; position_origin_r_last_edited=&#8221;on|tablet&#8221; width_tablet=&#8221;55%&#8221; width_phone=&#8221;55%&#8221; width_last_edited=&#8221;on|tablet&#8221; custom_margin=&#8221;||||false|false&#8221; hover_enabled=&#8221;0&#8243; transform_styles_tablet=&#8221;&#8221; transform_styles_phone=&#8221;&#8221; positioning_tablet=&#8221;none&#8221; positioning_phone=&#8221;none&#8221; positioning_last_edited=&#8221;on|tablet&#8221; locked=&#8221;off&#8221; global_colors_info=&#8221;{}&#8221; theme_builder_area=&#8221;post_content&#8221; alt=&#8221;automatictransmissionpart-products-factory5&#8243; sticky_enabled=&#8221;0&#8243;][\/et_pb_image][\/et_pb_column][\/et_pb_row][\/et_pb_section]<\/p>","protected":false},"excerpt":{"rendered":"<p>Get In TouchAs one of the automatic transmission part manufacturers, suppliers, and exporters of mechanical products, we offer automatic transmission part and many other products.Please get in touch with us for details. Mail:sales@automatictransmissionpart.com Manufacturer, supplier, exporter of automatic transmission part.We specialize in the production of Agricultural Gearbox, PTO Shafts, Sprockets, Fluid Coupling, Worm Gear Reducers, [&hellip;]<\/p>","protected":false},"author":1,"featured_media":0,"parent":0,"menu_order":0,"comment_status":"closed","ping_status":"closed","template":"","meta":{"_et_pb_use_builder":"on","_et_pb_old_content":"","_et_gb_content_width":"","footnotes":""},"class_list":["post-142","page","type-page","status-publish","hentry"],"_links":{"self":[{"href":"https:\/\/automatictransmissionpart.com\/de\/wp-json\/wp\/v2\/pages\/142","targetHints":{"allow":["GET"]}}],"collection":[{"href":"https:\/\/automatictransmissionpart.com\/de\/wp-json\/wp\/v2\/pages"}],"about":[{"href":"https:\/\/automatictransmissionpart.com\/de\/wp-json\/wp\/v2\/types\/page"}],"author":[{"embeddable":true,"href":"https:\/\/automatictransmissionpart.com\/de\/wp-json\/wp\/v2\/users\/1"}],"replies":[{"embeddable":true,"href":"https:\/\/automatictransmissionpart.com\/de\/wp-json\/wp\/v2\/comments?post=142"}],"version-history":[{"count":2,"href":"https:\/\/automatictransmissionpart.com\/de\/wp-json\/wp\/v2\/pages\/142\/revisions"}],"predecessor-version":[{"id":148,"href":"https:\/\/automatictransmissionpart.com\/de\/wp-json\/wp\/v2\/pages\/142\/revisions\/148"}],"wp:attachment":[{"href":"https:\/\/automatictransmissionpart.com\/de\/wp-json\/wp\/v2\/media?parent=142"}],"curies":[{"name":"wp","href":"https:\/\/api.w.org\/{rel}","templated":true}]}}